{"id":323,"date":"2023-04-04T21:23:58","date_gmt":"2023-04-04T21:23:58","guid":{"rendered":"https:\/\/filosofiacienciacabala.com\/?page_id=323"},"modified":"2023-04-06T19:22:33","modified_gmt":"2023-04-06T19:22:33","slug":"despierta-tu-mente-las-ensenanzas-de-buda-para-alcanzar-la-paz-interior-y-la-felicidad-duradera","status":"publish","type":"page","link":"https:\/\/filosofiacienciacabala.com\/index.php\/despierta-tu-mente-las-ensenanzas-de-buda-para-alcanzar-la-paz-interior-y-la-felicidad-duradera\/","title":{"rendered":"Despierta tu mente: \u00a1Las ense\u00f1anzas de Buda para alcanzar la paz interior y la felicidad duradera!"},"content":{"rendered":"<div class=\"wp-block-image\">\n<figure class=\"aligncenter size-full is-resized\"><img decoding=\"async\" loading=\"lazy\" src=\"https:\/\/filosofiacienciacabala.com\/wp-content\/uploads\/2023\/04\/libro-portada-buda-ensenanzas.png\" alt=\"\" class=\"wp-image-324\" width=\"400\" height=\"406\" srcset=\"https:\/\/filosofiacienciacabala.com\/wp-content\/uploads\/2023\/04\/libro-portada-buda-ensenanzas.png 591w, https:\/\/filosofiacienciacabala.com\/wp-content\/uploads\/2023\/04\/libro-portada-buda-ensenanzas-296x300.png 296w\" sizes=\"(max-width: 400px) 100vw, 400px\" \/><\/figure><\/div>\n\n\n<div class=\"wp-block-buttons is-content-justification-center is-layout-flex wp-container-1\">\n<div class=\"wp-block-button\"><a class=\"wp-block-button__link wp-element-button\" href=\"https:\/\/filosofiacienciacabala.com\/wp-content\/uploads\/2023\/04\/Despierta-tu-mente-Las-ensenanz-Edison-Parra-Parahona.epub\">Descargar EPUB<\/a><\/div>\n\n\n\n<div class=\"wp-block-button\"><a class=\"wp-block-button__link wp-element-button\" href=\"https:\/\/filosofiacienciacabala.com\/wp-content\/uploads\/2023\/04\/Despierta-tu-mente-Las-ensenanzas-de-Buda-para-alcanzar-la-paz-interior-y-la-felicidad-duradera_PDF.pdf\">Descargar PDF<\/a><\/div>\n<\/div>\n\n\n\n<p>Bienvenidos al libro digital \u00abIntroducci\u00f3n al Budismo: Una gu\u00eda para principiantes\u00bb, escrito por Edison Parra Barahona. Este libro ofrece una introducci\u00f3n clara y accesible al Budismo para aquellos que deseen aprender m\u00e1s acerca de esta antigua filosof\u00eda y pr\u00e1ctica espiritual. A trav\u00e9s de una combinaci\u00f3n de ense\u00f1anzas, meditaciones y ejercicios pr\u00e1cticos, los lectores podr\u00e1n descubrir los fundamentos de la filosof\u00eda budista, y c\u00f3mo aplicar estos principios a su vida cotidiana para encontrar una mayor paz y bienestar. Con una redacci\u00f3n sencilla y f\u00e1cil de entender, este libro es ideal para principiantes en el Budismo, pero tambi\u00e9n puede ser \u00fatil para aquellos que buscan profundizar su conocimiento en la materia. \u00a1Obt\u00e9n tu copia digital ahora mismo y comienza tu camino hacia una vida m\u00e1s plena y consciente!<\/p>\n\n\n\n<p>Tambi\u00e9n te puede interesar: <a href=\"https:\/\/filosofiacienciacabala.com\/index.php\/2023\/04\/06\/nietzsche-para-principiantes-explorando-los-conceptos-clave-para-entender-su-pensamiento\/\">Nietzsche para principiantes: Explorando los conceptos clave, para entender su pensamiento<\/a><\/p>\n","protected":false},"excerpt":{"rendered":"<p>Bienvenidos al libro digital \u00abIntroducci\u00f3n al Budismo: Una gu\u00eda para principiantes\u00bb, escrito por Edison Parra&#8230;<\/p>\n","protected":false},"author":1,"featured_media":0,"parent":0,"menu_order":0,"comment_status":"closed","ping_status":"closed","template":"","meta":[],"yoast_head":"<!-- This site is optimized with the Yoast SEO Premium plugin v20.5 (Yoast SEO v20.5) - https:\/\/yoast.com\/wordpress\/plugins\/seo\/ -->\n<title>Despierta tu mente: \u00a1Las ense\u00f1anzas de Buda para alcanzar la paz interior y la felicidad duradera! -<\/title>\n<meta name=\"robots\" content=\"index, follow, max-snippet:-1, max-image-preview:large, max-video-preview:-1\" \/>\n<link rel=\"canonical\" href=\"https:\/\/filosofiacienciacabala.com\/index.php\/despierta-tu-mente-las-ensenanzas-de-buda-para-alcanzar-la-paz-interior-y-la-felicidad-duradera\/\" \/>\n<meta property=\"og:locale\" content=\"es_ES\" \/>\n<meta property=\"og:type\" content=\"article\" \/>\n<meta property=\"og:title\" content=\"Despierta tu mente: \u00a1Las ense\u00f1anzas de Buda para alcanzar la paz interior y la felicidad duradera!\" \/>\n<meta property=\"og:description\" content=\"Bienvenidos al libro digital \u00abIntroducci\u00f3n al Budismo: Una gu\u00eda para principiantes\u00bb, escrito por Edison Parra...\" \/>\n<meta property=\"og:url\" content=\"https:\/\/filosofiacienciacabala.com\/index.php\/despierta-tu-mente-las-ensenanzas-de-buda-para-alcanzar-la-paz-interior-y-la-felicidad-duradera\/\" \/>\n<meta property=\"article:modified_time\" content=\"2023-04-06T19:22:33+00:00\" \/>\n<meta property=\"og:image\" content=\"https:\/\/filosofiacienciacabala.com\/wp-content\/uploads\/2023\/04\/libro-portada-buda-ensenanzas.png\" \/>\n<meta name=\"twitter:card\" content=\"summary_large_image\" \/>\n<meta name=\"twitter:label1\" content=\"Tiempo de lectura\" \/>\n\t<meta name=\"twitter:data1\" content=\"1 minuto\" \/>\n<script type=\"application\/ld+json\" class=\"yoast-schema-graph\">{\"@context\":\"https:\/\/schema.org\",\"@graph\":[{\"@type\":\"WebPage\",\"@id\":\"https:\/\/filosofiacienciacabala.com\/index.php\/despierta-tu-mente-las-ensenanzas-de-buda-para-alcanzar-la-paz-interior-y-la-felicidad-duradera\/\",\"url\":\"https:\/\/filosofiacienciacabala.com\/index.php\/despierta-tu-mente-las-ensenanzas-de-buda-para-alcanzar-la-paz-interior-y-la-felicidad-duradera\/\",\"name\":\"Despierta tu mente: \u00a1Las ense\u00f1anzas de Buda para alcanzar la paz interior y la felicidad duradera! -\",\"isPartOf\":{\"@id\":\"https:\/\/filosofiacienciacabala.com\/#website\"},\"datePublished\":\"2023-04-04T21:23:58+00:00\",\"dateModified\":\"2023-04-06T19:22:33+00:00\",\"breadcrumb\":{\"@id\":\"https:\/\/filosofiacienciacabala.com\/index.php\/despierta-tu-mente-las-ensenanzas-de-buda-para-alcanzar-la-paz-interior-y-la-felicidad-duradera\/#breadcrumb\"},\"inLanguage\":\"es\",\"potentialAction\":[{\"@type\":\"ReadAction\",\"target\":[\"https:\/\/filosofiacienciacabala.com\/index.php\/despierta-tu-mente-las-ensenanzas-de-buda-para-alcanzar-la-paz-interior-y-la-felicidad-duradera\/\"]}]},{\"@type\":\"BreadcrumbList\",\"@id\":\"https:\/\/filosofiacienciacabala.com\/index.php\/despierta-tu-mente-las-ensenanzas-de-buda-para-alcanzar-la-paz-interior-y-la-felicidad-duradera\/#breadcrumb\",\"itemListElement\":[{\"@type\":\"ListItem\",\"position\":1,\"name\":\"Portada\",\"item\":\"https:\/\/filosofiacienciacabala.com\/\"},{\"@type\":\"ListItem\",\"position\":2,\"name\":\"Despierta tu mente: \u00a1Las ense\u00f1anzas de Buda para alcanzar la paz interior y la felicidad duradera!\"}]},{\"@type\":\"WebSite\",\"@id\":\"https:\/\/filosofiacienciacabala.com\/#website\",\"url\":\"https:\/\/filosofiacienciacabala.com\/\",\"name\":\"\",\"description\":\"\",\"potentialAction\":[{\"@type\":\"SearchAction\",\"target\":{\"@type\":\"EntryPoint\",\"urlTemplate\":\"https:\/\/filosofiacienciacabala.com\/?s={search_term_string}\"},\"query-input\":\"required name=search_term_string\"}],\"inLanguage\":\"es\"}]}<\/script>\n<!-- \/ Yoast SEO Premium plugin. -->","yoast_head_json":{"title":"Despierta tu mente: \u00a1Las ense\u00f1anzas de Buda para alcanzar la paz interior y la felicidad duradera! -","robots":{"index":"index","follow":"follow","max-snippet":"max-snippet:-1","max-image-preview":"max-image-preview:large","max-video-preview":"max-video-preview:-1"},"canonical":"https:\/\/filosofiacienciacabala.com\/index.php\/despierta-tu-mente-las-ensenanzas-de-buda-para-alcanzar-la-paz-interior-y-la-felicidad-duradera\/","og_locale":"es_ES","og_type":"article","og_title":"Despierta tu mente: \u00a1Las ense\u00f1anzas de Buda para alcanzar la paz interior y la felicidad duradera!","og_description":"Bienvenidos al libro digital \u00abIntroducci\u00f3n al Budismo: Una gu\u00eda para principiantes\u00bb, escrito por Edison Parra...","og_url":"https:\/\/filosofiacienciacabala.com\/index.php\/despierta-tu-mente-las-ensenanzas-de-buda-para-alcanzar-la-paz-interior-y-la-felicidad-duradera\/","article_modified_time":"2023-04-06T19:22:33+00:00","og_image":[{"url":"https:\/\/filosofiacienciacabala.com\/wp-content\/uploads\/2023\/04\/libro-portada-buda-ensenanzas.png"}],"twitter_card":"summary_large_image","twitter_misc":{"Tiempo de lectura":"1 minuto"},"schema":{"@context":"https:\/\/schema.org","@graph":[{"@type":"WebPage","@id":"https:\/\/filosofiacienciacabala.com\/index.php\/despierta-tu-mente-las-ensenanzas-de-buda-para-alcanzar-la-paz-interior-y-la-felicidad-duradera\/","url":"https:\/\/filosofiacienciacabala.com\/index.php\/despierta-tu-mente-las-ensenanzas-de-buda-para-alcanzar-la-paz-interior-y-la-felicidad-duradera\/","name":"Despierta tu mente: \u00a1Las ense\u00f1anzas de Buda para alcanzar la paz interior y la felicidad duradera! -","isPartOf":{"@id":"https:\/\/filosofiacienciacabala.com\/#website"},"datePublished":"2023-04-04T21:23:58+00:00","dateModified":"2023-04-06T19:22:33+00:00","breadcrumb":{"@id":"https:\/\/filosofiacienciacabala.com\/index.php\/despierta-tu-mente-las-ensenanzas-de-buda-para-alcanzar-la-paz-interior-y-la-felicidad-duradera\/#breadcrumb"},"inLanguage":"es","potentialAction":[{"@type":"ReadAction","target":["https:\/\/filosofiacienciacabala.com\/index.php\/despierta-tu-mente-las-ensenanzas-de-buda-para-alcanzar-la-paz-interior-y-la-felicidad-duradera\/"]}]},{"@type":"BreadcrumbList","@id":"https:\/\/filosofiacienciacabala.com\/index.php\/despierta-tu-mente-las-ensenanzas-de-buda-para-alcanzar-la-paz-interior-y-la-felicidad-duradera\/#breadcrumb","itemListElement":[{"@type":"ListItem","position":1,"name":"Portada","item":"https:\/\/filosofiacienciacabala.com\/"},{"@type":"ListItem","position":2,"name":"Despierta tu mente: \u00a1Las ense\u00f1anzas de Buda para alcanzar la paz interior y la felicidad duradera!"}]},{"@type":"WebSite","@id":"https:\/\/filosofiacienciacabala.com\/#website","url":"https:\/\/filosofiacienciacabala.com\/","name":"","description":"","potentialAction":[{"@type":"SearchAction","target":{"@type":"EntryPoint","urlTemplate":"https:\/\/filosofiacienciacabala.com\/?s={search_term_string}"},"query-input":"required name=search_term_string"}],"inLanguage":"es"}]}},"_links":{"self":[{"href":"https:\/\/filosofiacienciacabala.com\/index.php\/wp-json\/wp\/v2\/pages\/323"}],"collection":[{"href":"https:\/\/filosofiacienciacabala.com\/index.php\/wp-json\/wp\/v2\/pages"}],"about":[{"href":"https:\/\/filosofiacienciacabala.com\/index.php\/wp-json\/wp\/v2\/types\/page"}],"author":[{"embeddable":true,"href":"https:\/\/filosofiacienciacabala.com\/index.php\/wp-json\/wp\/v2\/users\/1"}],"replies":[{"embeddable":true,"href":"https:\/\/filosofiacienciacabala.com\/index.php\/wp-json\/wp\/v2\/comments?post=323"}],"version-history":[{"count":3,"href":"https:\/\/filosofiacienciacabala.com\/index.php\/wp-json\/wp\/v2\/pages\/323\/revisions"}],"predecessor-version":[{"id":352,"href":"https:\/\/filosofiacienciacabala.com\/index.php\/wp-json\/wp\/v2\/pages\/323\/revisions\/352"}],"wp:attachment":[{"href":"https:\/\/filosofiacienciacabala.com\/index.php\/wp-json\/wp\/v2\/media?parent=323"}],"curies":[{"name":"wp","href":"https:\/\/api.w.org\/{rel}","templated":true}]}}